{"id":11,"date":"2020-03-09T11:06:41","date_gmt":"2020-03-09T11:06:41","guid":{"rendered":"http:\/\/axilthemes.com\/themes\/keystroke\/?page_id=11"},"modified":"2022-09-09T12:51:10","modified_gmt":"2022-09-09T12:51:10","slug":"contact","status":"publish","type":"page","link":"https:\/\/clinique-web.com\/index.php\/contact\/","title":{"rendered":"Contact"},"content":{"rendered":"\t\t<div data-elementor-type=\"wp-page\" data-elementor-id=\"11\" class=\"elementor elementor-11\" data-elementor-settings=\"[]\">\n\t\t\t\t\t\t<div class=\"elementor-inner\">\n\t\t\t\t\t\t\t<div class=\"elementor-section-wrap\">\n\t\t\t\t\t\t\t<section class=\"elementor-section elementor-top-section elementor-element elementor-element-b6810c7 elementor-section-full_width elementor-section-height-default elementor-section-height-default\" data-id=\"b6810c7\" data-element_type=\"section\">\n\t\t\t\t\t\t<div class=\"elementor-container elementor-column-gap-no\">\n\t\t\t\t\t\t\t<div class=\"elementor-row\">\n\t\t\t\t\t<div class=\"elementor-column elementor-col-100 elementor-top-column elementor-element elementor-element-0efb2df\" data-id=\"0efb2df\" data-element_type=\"column\">\n\t\t\t<div class=\"elementor-column-wrap elementor-element-populated\">\n\t\t\t\t\t\t\t<div class=\"elementor-widget-wrap\">\n\t\t\t\t\t\t<div class=\"elementor-element elementor-element-fc778a5 elementor-widget elementor-widget-spacer\" data-id=\"fc778a5\" data-element_type=\"widget\" data-widget_type=\"spacer.default\">\n\t\t\t\t<div class=\"elementor-widget-container\">\n\t\t\t\t\t<div class=\"elementor-spacer\">\n\t\t\t<div class=\"elementor-spacer-inner\"><\/div>\n\t\t<\/div>\n\t\t\t\t<\/div>\n\t\t\t\t<\/div>\n\t\t\t\t\t\t<\/div>\n\t\t\t\t\t<\/div>\n\t\t<\/div>\n\t\t\t\t\t\t\t\t<\/div>\n\t\t\t\t\t<\/div>\n\t\t<\/section>\n\t\t\t\t<section class=\"elementor-section elementor-top-section elementor-element elementor-element-c9494dc elementor-section-boxed elementor-section-height-default elementor-section-height-default\" data-id=\"c9494dc\" data-element_type=\"section\">\n\t\t\t\t\t\t<div class=\"elementor-container elementor-column-gap-default\">\n\t\t\t\t\t\t\t<div class=\"elementor-row\">\n\t\t\t\t\t<div class=\"elementor-column elementor-col-16 elementor-top-column elementor-element elementor-element-fe99ede\" data-id=\"fe99ede\" data-element_type=\"column\">\n\t\t\t<div class=\"elementor-column-wrap\">\n\t\t\t\t\t\t\t<div class=\"elementor-widget-wrap\">\n\t\t\t\t\t\t\t\t<\/div>\n\t\t\t\t\t<\/div>\n\t\t<\/div>\n\t\t\t\t<div class=\"elementor-column elementor-col-66 elementor-top-column elementor-element elementor-element-49d15b1\" data-id=\"49d15b1\" data-element_type=\"column\">\n\t\t\t<div class=\"elementor-column-wrap elementor-element-populated\">\n\t\t\t\t\t\t\t<div class=\"elementor-widget-wrap\">\n\t\t\t\t\t\t<div class=\"elementor-element elementor-element-8b5bdc1 elementor-widget elementor-widget-heading\" data-id=\"8b5bdc1\" data-element_type=\"widget\" data-widget_type=\"heading.default\">\n\t\t\t\t<div class=\"elementor-widget-container\">\n\t\t\t<h4 class=\"elementor-heading-title elementor-size-default\">L\u2019Agence clinique-web.com, agence de r\u00e9f\u00e9rencement naturel sp\u00e9cialis\u00e9e sur les probl\u00e9matiques de webmarketing, de r\u00e9f\u00e9rencement ecommerce et de r\u00e9f\u00e9rencement payant sur Google. Nos experts SEO \/ SEA sont \u00e0 votre enti\u00e8re disposition.  \u200b<\/h4>\t\t<\/div>\n\t\t\t\t<\/div>\n\t\t\t\t\t\t<\/div>\n\t\t\t\t\t<\/div>\n\t\t<\/div>\n\t\t\t\t<div class=\"elementor-column elementor-col-16 elementor-top-column elementor-element elementor-element-4951d48\" data-id=\"4951d48\" data-element_type=\"column\">\n\t\t\t<div class=\"elementor-column-wrap\">\n\t\t\t\t\t\t\t<div class=\"elementor-widget-wrap\">\n\t\t\t\t\t\t\t\t<\/div>\n\t\t\t\t\t<\/div>\n\t\t<\/div>\n\t\t\t\t\t\t\t\t<\/div>\n\t\t\t\t\t<\/div>\n\t\t<\/section>\n\t\t\t\t<section class=\"elementor-section elementor-top-section elementor-element elementor-element-6b2e5ed elementor-section-full_width elementor-section-height-default elementor-section-height-default\" data-id=\"6b2e5ed\" data-element_type=\"section\">\n\t\t\t\t\t\t<div class=\"elementor-container elementor-column-gap-no\">\n\t\t\t\t\t\t\t<div class=\"elementor-row\">\n\t\t\t\t\t<div class=\"elementor-column elementor-col-100 elementor-top-column elementor-element elementor-element-1447827\" data-id=\"1447827\" data-element_type=\"column\">\n\t\t\t<div class=\"elementor-column-wrap elementor-element-populated\">\n\t\t\t\t\t\t\t<div class=\"elementor-widget-wrap\">\n\t\t\t\t\t\t<div class=\"elementor-element elementor-element-7895cbc elementor-widget elementor-widget-keystroke-contact-form-with-info-box\" data-id=\"7895cbc\" data-element_type=\"widget\" data-widget_type=\"keystroke-contact-form-with-info-box.default\">\n\t\t\t\t<div class=\"elementor-widget-container\">\n\t\t\t        <!-- Start Contact Area  -->\r\n        <div class=\"axil-contact-area axil-shape-position ax-section-gap bg-color-white\">\r\n            <div class=\"container\">\r\n                <div class=\"row\">\r\n                    <div class=\"col-lg-6 col-md-12 col-xl-5 col-12\">\r\n                        <div class=\"contact-form-wrapper\">\r\n                            <!-- Start Contact Form -->\r\n                             <div class=\"axil-contact-form contact-form-style-1\"> <div role=\"form\" class=\"wpcf7\" id=\"wpcf7-f641-o1\" lang=\"en-US\" dir=\"ltr\">\n<div class=\"screen-reader-response\"><p role=\"status\" aria-live=\"polite\" aria-atomic=\"true\"><\/p> <ul><\/ul><\/div>\n<form action=\"\/index.php\/wp-json\/wp\/v2\/pages\/11#wpcf7-f641-o1\" method=\"post\" class=\"wpcf7-form init\" novalidate=\"novalidate\" data-status=\"init\">\n<div style=\"display: none;\">\n<input type=\"hidden\" name=\"_wpcf7\" value=\"641\" \/>\n<input type=\"hidden\" name=\"_wpcf7_version\" value=\"5.5.6\" \/>\n<input type=\"hidden\" name=\"_wpcf7_locale\" value=\"en_US\" \/>\n<input type=\"hidden\" name=\"_wpcf7_unit_tag\" value=\"wpcf7-f641-o1\" \/>\n<input type=\"hidden\" name=\"_wpcf7_container_post\" value=\"0\" \/>\n<input type=\"hidden\" name=\"_wpcf7_posted_data_hash\" value=\"\" \/>\n<\/div>\n<h3 class=\"title\">Contactez-nous<\/h3>\n\n<div class=\"form-group\">\n    <span class=\"wpcf7-form-control-wrap your-name\"><input type=\"text\" name=\"your-name\" value=\"\" size=\"40\" class=\"wpcf7-form-control wpcf7-text wpcf7-validates-as-required\" aria-required=\"true\" aria-invalid=\"false\" \/><\/span>\n    <label>Nom<\/label>\n    <span class=\"focus-border\"><\/span>\n<\/div>\n<div class=\"form-group\">\n    <span class=\"wpcf7-form-control-wrap your-email\"><input type=\"email\" name=\"your-email\" value=\"\" size=\"40\" class=\"wpcf7-form-control wpcf7-text wpcf7-email wpcf7-validates-as-required wpcf7-validates-as-email\" aria-required=\"true\" aria-invalid=\"false\" \/><\/span>\n    <label>Email<\/label>\n    <span class=\"focus-border\"><\/span>\n<\/div>\n<div class=\"form-group\">\n    <span class=\"wpcf7-form-control-wrap your-phone-number\"><input type=\"text\" name=\"your-phone-number\" value=\"\" size=\"40\" class=\"wpcf7-form-control wpcf7-text\" aria-invalid=\"false\" \/><\/span>\n    <label>t\u00e9l\u00e9phone<\/label>\n    <span class=\"focus-border\"><\/span>\n<\/div>\n<div class=\"form-group\">\n    <span class=\"wpcf7-form-control-wrap your-message\"><textarea name=\"your-message\" cols=\"10\" rows=\"3\" class=\"wpcf7-form-control wpcf7-textarea wpcf7-validates-as-required\" aria-required=\"true\" aria-invalid=\"false\"><\/textarea><\/span>\n    <label>Message<\/label>\n    <span class=\"focus-border\"><\/span>\n<\/div>\n\n<div class=\"form-group\">\n    <button id=\"submit\" class=\"wpcf7-submit axil-button btn-large btn-transparent text-right\">\n<span class=\"button-text\">Envoyer<\/span><span\n                    class=\"button-icon\"><\/span>\n<\/button>\n<\/div><div class=\"wpcf7-response-output\" aria-hidden=\"true\"><\/div><\/form><\/div> <\/div>                         <\/div>\r\n                    <\/div>\r\n\r\n                    <div class=\"col-lg-6 col-md-12 col-xl-6 offset-xl-1 col-12 mt_md--40 mt_sm--40\">\r\n                        <div class=\"axil-address-wrapper\">\r\n\r\n\r\n                            <!-- Start Single Address  -->\r\n                            <div class=\"axil-address wow move-up\">\r\n                                <div class=\"inner\">\r\n                                                                                                                        <div class=\"icon\">\r\n                                                <i aria-hidden=\"true\" class=\"fas fa-phone\"><\/i>                                            <\/div>\r\n                                                                                                                <div class=\"content\">\r\n                                                                                    <h4 class=\"title\">T\u00e9l\u00e9phone<\/h4>\r\n                                                                                                                            <p>Nous sommes \u00e0 votre \u00e9coute.\nUn projet, une question...<\/p>\r\n                                                                                                                            <p><a class=\"axil-link\" href=\"tel:+33766480945\">+33 7 66 48 09 45<\/a><\/p>\r\n                                                                            <\/div>\r\n                                <\/div>\r\n                            <\/div>\r\n                            <!-- End Single Address  -->\r\n\r\n                            <!-- Start Single Address  -->\r\n                            <div class=\"axil-address wow move-up mt--60 mt_sm--30 mt_md--30\">\r\n                                <div class=\"inner\">\r\n                                                                                                                        <div class=\"icon\">\r\n                                                <i aria-hidden=\"true\" class=\"fal fa-envelope\"><\/i>                                            <\/div>\r\n                                                                                                                <div class=\"content\">\r\n                                                                                    <h4 class=\"title\">Email<\/h4>\r\n                                                                                                                            <p>Nous vous accompagnons dans le d\u00e9bogage, l\u2019am\u00e9lioration, l\u2019entretien et la mise \u00e0 jour de sites WordPress de toutes sortes.\n <\/p>\r\n                                                                                                                            <p><a class=\"axil-link\" href=\"mailto:info@clinique-web.com\">info@clinique-web.com<\/a><\/p>\r\n                                                                            <\/div>\r\n                                <\/div>\r\n                            <\/div>\r\n                            <!-- End Single Address  -->\r\n\r\n                        <\/div>\r\n                    <\/div>\r\n\r\n                <\/div>\r\n            <\/div>\r\n\r\n                            <div class=\"shape-group\">\r\n                    <div class=\"shape shape-01\">\r\n                        <span class=\"icon icon-contact-01\"><\/span>\r\n                    <\/div>\r\n                    <div class=\"shape shape-02\">\r\n                        <span class=\"icon icon-contact-02\"><\/span>\r\n                    <\/div>\r\n                    <div class=\"shape shape-03\">\r\n                        <span class=\"icon icon-contact-03\"><\/span>\r\n                    <\/div>\r\n                <\/div>\r\n            \r\n        <\/div>\r\n        <!-- End Contact Area  -->\r\n        \t\t<\/div>\n\t\t\t\t<\/div>\n\t\t\t\t\t\t<\/div>\n\t\t\t\t\t<\/div>\n\t\t<\/div>\n\t\t\t\t\t\t\t\t<\/div>\n\t\t\t\t\t<\/div>\n\t\t<\/section>\n\t\t\t\t\t\t<\/div>\n\t\t\t\t\t\t<\/div>\n\t\t\t\t\t<\/div>\n\t\t","protected":false},"excerpt":{"rendered":"<p>L\u2019Agence clinique-web.com, agence de r\u00e9f\u00e9rencement naturel sp\u00e9cialis\u00e9e sur les probl\u00e9matiques de webmarketing, de r\u00e9f\u00e9rencement ecommerce et de r\u00e9f\u00e9rencement payant sur Google. Nos experts SEO \/ SEA sont \u00e0 votre enti\u00e8re disposition. \u200b Get a free Keystroke quote now Name Email Phone Your message Send Message T\u00e9l\u00e9phone Nous sommes \u00e0 votre \u00e9coute. Un projet, une question&#8230; [&hellip;]<\/p>\n","protected":false},"author":1,"featured_media":0,"parent":0,"menu_order":0,"comment_status":"closed","ping_status":"closed","template":"elementor_header_footer","meta":[],"yoast_head":"<!-- This site is optimized with the Yoast SEO plugin v18.2 - https:\/\/yoast.com\/wordpress\/plugins\/seo\/ -->\n<title>Contact - R\u00e9paration de site internet<\/title>\n<meta name=\"description\" content=\"Vous souhaitez un devis gratuit, une demande de diagnostic, vous avez une urgence ou une simple question ? Contactez-nous!\" \/>\n<meta name=\"robots\" content=\"index, follow, max-snippet:-1, max-image-preview:large, max-video-preview:-1\" \/>\n<link rel=\"canonical\" href=\"https:\/\/clinique-web.com\/index.php\/contact\/\" \/>\n<meta property=\"og:locale\" content=\"fr_FR\" \/>\n<meta property=\"og:type\" content=\"article\" \/>\n<meta property=\"og:title\" content=\"Contact - R\u00e9paration de site internet\" \/>\n<meta property=\"og:description\" content=\"Vous souhaitez un devis gratuit, une demande de diagnostic, vous avez une urgence ou une simple question ? Contactez-nous!\" \/>\n<meta property=\"og:url\" content=\"https:\/\/clinique-web.com\/index.php\/contact\/\" \/>\n<meta property=\"og:site_name\" content=\"R\u00e9paration de site internet\" \/>\n<meta property=\"article:modified_time\" content=\"2022-09-09T12:51:10+00:00\" \/>\n<meta name=\"twitter:card\" content=\"summary_large_image\" \/>\n<meta name=\"twitter:label1\" content=\"Dur\u00e9e de lecture estim\u00e9e\" \/>\n\t<meta name=\"twitter:data1\" content=\"1 minute\" \/>\n<script type=\"application\/ld+json\" class=\"yoast-schema-graph\">{\"@context\":\"https:\/\/schema.org\",\"@graph\":[{\"@type\":\"WebSite\",\"@id\":\"https:\/\/clinique-web.com\/#website\",\"url\":\"https:\/\/clinique-web.com\/\",\"name\":\"R\u00e9paration de site internet\",\"description\":\"Clinique pour du PHP \/ WORPDRESS\",\"potentialAction\":[{\"@type\":\"SearchAction\",\"target\":{\"@type\":\"EntryPoint\",\"urlTemplate\":\"https:\/\/clinique-web.com\/?s={search_term_string}\"},\"query-input\":\"required name=search_term_string\"}],\"inLanguage\":\"fr-FR\"},{\"@type\":\"WebPage\",\"@id\":\"https:\/\/clinique-web.com\/index.php\/contact\/#webpage\",\"url\":\"https:\/\/clinique-web.com\/index.php\/contact\/\",\"name\":\"Contact - R\u00e9paration de site internet\",\"isPartOf\":{\"@id\":\"https:\/\/clinique-web.com\/#website\"},\"datePublished\":\"2020-03-09T11:06:41+00:00\",\"dateModified\":\"2022-09-09T12:51:10+00:00\",\"description\":\"Vous souhaitez un devis gratuit, une demande de diagnostic, vous avez une urgence ou une simple question ? Contactez-nous!\",\"breadcrumb\":{\"@id\":\"https:\/\/clinique-web.com\/index.php\/contact\/#breadcrumb\"},\"inLanguage\":\"fr-FR\",\"potentialAction\":[{\"@type\":\"ReadAction\",\"target\":[\"https:\/\/clinique-web.com\/index.php\/contact\/\"]}]},{\"@type\":\"BreadcrumbList\",\"@id\":\"https:\/\/clinique-web.com\/index.php\/contact\/#breadcrumb\",\"itemListElement\":[{\"@type\":\"ListItem\",\"position\":1,\"name\":\"Home\",\"item\":\"https:\/\/clinique-web.com\/\"},{\"@type\":\"ListItem\",\"position\":2,\"name\":\"Contact\"}]}]}<\/script>\n<!-- \/ Yoast SEO plugin. -->","yoast_head_json":{"title":"Contact - R\u00e9paration de site internet","description":"Vous souhaitez un devis gratuit, une demande de diagnostic, vous avez une urgence ou une simple question ? Contactez-nous!","robots":{"index":"index","follow":"follow","max-snippet":"max-snippet:-1","max-image-preview":"max-image-preview:large","max-video-preview":"max-video-preview:-1"},"canonical":"https:\/\/clinique-web.com\/index.php\/contact\/","og_locale":"fr_FR","og_type":"article","og_title":"Contact - R\u00e9paration de site internet","og_description":"Vous souhaitez un devis gratuit, une demande de diagnostic, vous avez une urgence ou une simple question ? Contactez-nous!","og_url":"https:\/\/clinique-web.com\/index.php\/contact\/","og_site_name":"R\u00e9paration de site internet","article_modified_time":"2022-09-09T12:51:10+00:00","twitter_card":"summary_large_image","twitter_misc":{"Dur\u00e9e de lecture estim\u00e9e":"1 minute"},"schema":{"@context":"https:\/\/schema.org","@graph":[{"@type":"WebSite","@id":"https:\/\/clinique-web.com\/#website","url":"https:\/\/clinique-web.com\/","name":"R\u00e9paration de site internet","description":"Clinique pour du PHP \/ WORPDRESS","potentialAction":[{"@type":"SearchAction","target":{"@type":"EntryPoint","urlTemplate":"https:\/\/clinique-web.com\/?s={search_term_string}"},"query-input":"required name=search_term_string"}],"inLanguage":"fr-FR"},{"@type":"WebPage","@id":"https:\/\/clinique-web.com\/index.php\/contact\/#webpage","url":"https:\/\/clinique-web.com\/index.php\/contact\/","name":"Contact - R\u00e9paration de site internet","isPartOf":{"@id":"https:\/\/clinique-web.com\/#website"},"datePublished":"2020-03-09T11:06:41+00:00","dateModified":"2022-09-09T12:51:10+00:00","description":"Vous souhaitez un devis gratuit, une demande de diagnostic, vous avez une urgence ou une simple question ? Contactez-nous!","breadcrumb":{"@id":"https:\/\/clinique-web.com\/index.php\/contact\/#breadcrumb"},"inLanguage":"fr-FR","potentialAction":[{"@type":"ReadAction","target":["https:\/\/clinique-web.com\/index.php\/contact\/"]}]},{"@type":"BreadcrumbList","@id":"https:\/\/clinique-web.com\/index.php\/contact\/#breadcrumb","itemListElement":[{"@type":"ListItem","position":1,"name":"Home","item":"https:\/\/clinique-web.com\/"},{"@type":"ListItem","position":2,"name":"Contact"}]}]}},"_links":{"self":[{"href":"https:\/\/clinique-web.com\/index.php\/wp-json\/wp\/v2\/pages\/11"}],"collection":[{"href":"https:\/\/clinique-web.com\/index.php\/wp-json\/wp\/v2\/pages"}],"about":[{"href":"https:\/\/clinique-web.com\/index.php\/wp-json\/wp\/v2\/types\/page"}],"author":[{"embeddable":true,"href":"https:\/\/clinique-web.com\/index.php\/wp-json\/wp\/v2\/users\/1"}],"replies":[{"embeddable":true,"href":"https:\/\/clinique-web.com\/index.php\/wp-json\/wp\/v2\/comments?post=11"}],"version-history":[{"count":25,"href":"https:\/\/clinique-web.com\/index.php\/wp-json\/wp\/v2\/pages\/11\/revisions"}],"predecessor-version":[{"id":1303,"href":"https:\/\/clinique-web.com\/index.php\/wp-json\/wp\/v2\/pages\/11\/revisions\/1303"}],"wp:attachment":[{"href":"https:\/\/clinique-web.com\/index.php\/wp-json\/wp\/v2\/media?parent=11"}],"curies":[{"name":"wp","href":"https:\/\/api.w.org\/{rel}","templated":true}]}}